{"id":7477,"date":"2023-01-27T16:29:48","date_gmt":"2023-01-27T15:29:48","guid":{"rendered":"https:\/\/amp.ngo\/?page_id=7477"},"modified":"2024-06-24T13:59:22","modified_gmt":"2024-06-24T12:59:22","slug":"aldeem-yanez","status":"publish","type":"page","link":"https:\/\/amp.ngo\/en\/advocacy\/individual-cases\/aldeem-yanez\/","title":{"rendered":"Aldeem Ya\u00f1ez"},"content":{"rendered":"<p>[et_pb_section fb_built=&#8221;1&#8243; _builder_version=&#8221;4.19.4&#8243; background_color=&#8221;#e2fde3&#8243; custom_margin=&#8221;1px|||||&#8221; custom_padding=&#8221;45px||3px|||&#8221; global_colors_info=&#8221;{}&#8221; theme_builder_area=&#8221;post_content&#8221;][et_pb_row column_structure=&#8221;2_3,1_3&#8243; _builder_version=&#8221;4.16&#8243; custom_margin=&#8221;3px|auto|45px|auto||&#8221; custom_padding=&#8221;3px||4px|||&#8221; global_colors_info=&#8221;{}&#8221; theme_builder_area=&#8221;post_content&#8221;][et_pb_column type=&#8221;2_3&#8243; _builder_version=&#8221;4.16&#8243; global_colors_info=&#8221;{}&#8221; theme_builder_area=&#8221;post_content&#8221;][et_pb_text _builder_version=&#8221;4.19.4&#8243; custom_margin=&#8221;||0px||false|false&#8221; custom_padding=&#8221;15px||0px||false|false&#8221; global_colors_info=&#8221;{}&#8221; theme_builder_area=&#8221;post_content&#8221;]<\/p>\n<h1><strong>Aldeem Ya\u00f1ez<\/strong><\/h1>\n<p>[\/et_pb_text][\/et_pb_column][et_pb_column type=&#8221;1_3&#8243; _builder_version=&#8221;4.16&#8243; global_colors_info=&#8221;{}&#8221; theme_builder_area=&#8221;post_content&#8221;][\/et_pb_column][\/et_pb_row][\/et_pb_section][et_pb_section fb_built=&#8221;1&#8243; _builder_version=&#8221;4.19.4&#8243; _module_preset=&#8221;default&#8221; global_colors_info=&#8221;{}&#8221; theme_builder_area=&#8221;post_content&#8221;][et_pb_row column_structure=&#8221;1_2,1_2&#8243; _builder_version=&#8221;4.19.4&#8243; _module_preset=&#8221;default&#8221; min_height=&#8221;911.8px&#8221; global_colors_info=&#8221;{}&#8221; theme_builder_area=&#8221;post_content&#8221;][et_pb_column type=&#8221;1_2&#8243; _builder_version=&#8221;4.19.4&#8243; _module_preset=&#8221;default&#8221; global_colors_info=&#8221;{}&#8221; theme_builder_area=&#8221;post_content&#8221;][et_pb_text _builder_version=&#8221;4.19.4&#8243; _module_preset=&#8221;default&#8221; global_colors_info=&#8221;{}&#8221; theme_builder_area=&#8221;post_content&#8221;]<\/p>\n<p>Aldeem Ya\u00f1ez has been actively involved in peacebuilding and human rights work in the Philippines for three decades. Ya\u00f1ez is a volunteer at the regional office for development of the Iglesia Filipina Independiente (IFI) in the provinces of Visayas and Mindanao.<\/p>\n<p>On April 10, 2022, Ya\u00f1ez was arrested at his home in Barangay Iponan, Cagayan de Oro. According to the Philippine National Police (PNP) and Armed Forces of the Philippines (AFP), a gun, grenades and subversive documents were allegedly confiscated during the raid. His family observed people entering the house through the back door, which gave them the opportunity to plant the confiscated items in the house. The arrest was made on the basis of an arrest warrant dated April 6, 2022, for an alleged violation of the Illegal Possession of Firearms and Ammunition Act (Republic Act 10591) and the Illegal Possession of Explosives Act (Republic Act 9516). According to reports from human rights groups, it is a common practice of the PNP and AFP to plant weapons and explosives as evidence on suspects during searches in order to fabricate charges for the arrest of human rights defenders.<\/p>\n<p>IFI members reported that Ya\u00f1ez had previously been subjected to <em>red-tagging<\/em> attacks. In 2018 and 2020, Ya\u00f1ez and other human rights defenders were already victims of arbitrary arrests and accused by the AFP of being members of the armed communist rebel group New People&#8217;s Army (NPA). The courts had lifted the charges twice.\u00a0<\/p>\n<p>Following Ya\u00f1ez&#8217;s detention, the Department of Justice filed another indictment against him on August 24, 2022, for allegedly violating the Terrorist Financing Prevention and Suppression Act (Republic Act 10168). According to the indictment, he is alleged to have been involved in the transfer of foreign development funds.<\/p>\n<p>Ya\u00f1ez&#8217;s family has since been fighting for the dropping of the now more than 50 fabricated charges. They claim that the illegal weapons and explosives were planted on Ya\u00f1ez and that the arrest warrant issued against him in this connection was also issued on the basis of false witness statements. Ya\u00f1ez is detained in the Cagayan de Oro City Prison.\u00a0<\/p>\n<p>&nbsp;<\/p>\n<p>&nbsp;<\/p>\n<p>Download (PDF): <a href=\"https:\/\/amp.ngo\/wp-content\/uploads\/2022\/04\/AMP-Statement-on-the-arbitrary-arrest-of-Aldeem-Yanez.pdf\">AMP Statement on the arbitrary arrest of Aldeem Ya\u00f1ez\u00a0<\/a><\/p>\n<p>&nbsp;<\/p>\n<p><em>Update: June 24, 2024<\/em><\/p>\n<p>[\/et_pb_text][\/et_pb_column][et_pb_column type=&#8221;1_2&#8243; _builder_version=&#8221;4.20.2&#8243; _module_preset=&#8221;default&#8221; global_colors_info=&#8221;{}&#8221; theme_builder_area=&#8221;post_content&#8221;][et_pb_image src=&#8221;https:\/\/amp.ngo\/wp-content\/uploads\/2020\/12\/duotone1.jpg&#8221; title_text=&#8221;duotone1&#8243; _builder_version=&#8221;4.20.2&#8243; _module_preset=&#8221;default&#8221; global_colors_info=&#8221;{}&#8221; theme_builder_area=&#8221;post_content&#8221;][\/et_pb_image][et_pb_text _builder_version=&#8221;4.20.2&#8243; _module_preset=&#8221;default&#8221; global_colors_info=&#8221;{}&#8221; theme_builder_area=&#8221;post_content&#8221;]<\/p>\n<p>Photo \u00a9 Raffy Lerma<\/p>\n<p>[\/et_pb_text][\/et_pb_column][\/et_pb_row][\/et_pb_section]<\/p>\n","protected":false},"excerpt":{"rendered":"<p>Aldeem Ya\u00f1ezAldeem Ya\u00f1ez has been actively involved in peacebuilding and human rights work in the Philippines for three decades. Ya\u00f1ez is a volunteer at the regional office for development of the Iglesia Filipina Independiente (IFI) in the provinces of Visayas and Mindanao. On April 10, 2022, Ya\u00f1ez was arrested at his home in Barangay Iponan, [&hellip;]<\/p>\n","protected":false},"author":8,"featured_media":0,"parent":3143,"menu_order":4,"comment_status":"closed","ping_status":"closed","template":"","meta":{"_et_pb_use_builder":"on","_et_pb_old_content":"","_et_gb_content_width":"","footnotes":""},"class_list":["post-7477","page","type-page","status-publish","hentry"],"_links":{"self":[{"href":"https:\/\/amp.ngo\/en\/wp-json\/wp\/v2\/pages\/7477","targetHints":{"allow":["GET"]}}],"collection":[{"href":"https:\/\/amp.ngo\/en\/wp-json\/wp\/v2\/pages"}],"about":[{"href":"https:\/\/amp.ngo\/en\/wp-json\/wp\/v2\/types\/page"}],"author":[{"embeddable":true,"href":"https:\/\/amp.ngo\/en\/wp-json\/wp\/v2\/users\/8"}],"replies":[{"embeddable":true,"href":"https:\/\/amp.ngo\/en\/wp-json\/wp\/v2\/comments?post=7477"}],"version-history":[{"count":8,"href":"https:\/\/amp.ngo\/en\/wp-json\/wp\/v2\/pages\/7477\/revisions"}],"predecessor-version":[{"id":9734,"href":"https:\/\/amp.ngo\/en\/wp-json\/wp\/v2\/pages\/7477\/revisions\/9734"}],"up":[{"embeddable":true,"href":"https:\/\/amp.ngo\/en\/wp-json\/wp\/v2\/pages\/3143"}],"wp:attachment":[{"href":"https:\/\/amp.ngo\/en\/wp-json\/wp\/v2\/media?parent=7477"}],"curies":[{"name":"wp","href":"https:\/\/api.w.org\/{rel}","templated":true}]}}